{"id":2,"date":"2024-08-30T15:39:27","date_gmt":"2024-08-30T13:39:27","guid":{"rendered":"http:\/\/makizer.com\/?page_id=2"},"modified":"2024-08-30T17:50:20","modified_gmt":"2024-08-30T15:50:20","slug":"makizer","status":"publish","type":"page","link":"https:\/\/makizer.com\/","title":{"rendered":"MAKIZER"},"content":{"rendered":"\n<p class=\"has-system-font-font-family\"><strong>La coop\u00e9rative universelle de la cr\u00e9ation<\/strong><\/p>\n\n\n\n<p class=\"has-source-serif-pro-font-family has-small-font-size\">Un \u00e9cosyst\u00e8me int\u00e9gral des activit\u00e9s de tous les acteurs et spectateurs r\u00e9unis \u00e9quitablement dans une organisation num\u00e9rique et soci\u00e9tale, l&#8217;imbrication d&#8217;un r\u00e9seau pair-\u00e0-pair avec une soci\u00e9t\u00e9 coop\u00e9rative d&#8217;int\u00e9r\u00eat collectif.<\/p>\n\n\n\n<p class=\"has-source-serif-pro-font-family has-small-font-size\">Une vision holistique d&#8217;interop\u00e9rabilit\u00e9 rendue possible par l&#8217;av\u00e8nement d&#8217;Holochain, un nouvel OS pour internet qui lui permet de se reposer sur ses usagers et donc se passer des serveurs et de leurs charges d&#8217;exploitation. (imaginez que les voitures n&#8217;aient plus besoin des routes).<\/p>\n\n\n\n<p class=\"has-source-serif-pro-font-family has-small-font-size\">Une fen\u00eatre de tir pour l&#8217;\u00e9mergence d&#8217;un projet &#8220;ind\u00e9pendant&#8221;, efficient, r\u00e9silient, \u00e9quitable, scalable et responsable.<br><\/p>\n\n\n\n<p><strong>Identit\u00e9s et leur repr\u00e9sentation :<\/strong><\/p>\n\n\n\n<p class=\"has-source-serif-pro-font-family has-small-font-size\">Une exp\u00e9rience identifiant simultan\u00e9ment les utilisateurs et les soci\u00e9taires dans 6 coll\u00e8ges :<br><br>&#8211; public<br>&#8211; auteurs<br>&#8211; contributeurs (interpr\u00e8tes, techniciens, producteurs, agents, &#8230;)<br>&#8211; diffuseurs (curateurs pro, networks, seeders, \u2026)<br>&#8211; \u00e9tablissements (tout ce qui re\u00e7oit du public, IRL et virtuel)<br>&#8211; partenaires (toute autre organisation qui soutient, finance et passe commande avec les autres coll\u00e8ges)<\/p>\n\n\n\n<figure class=\"wp-block-image size-large\"><img loading=\"lazy\" decoding=\"async\" width=\"1024\" height=\"547\" src=\"https:\/\/makizer.com\/wp-content\/uploads\/2024\/08\/Colleges-PA-V3.2-1024x547.jpg\" alt=\"\" class=\"wp-image-9\" srcset=\"https:\/\/makizer.com\/wp-content\/uploads\/2024\/08\/Colleges-PA-V3.2-1024x547.jpg 1024w, https:\/\/makizer.com\/wp-content\/uploads\/2024\/08\/Colleges-PA-V3.2-300x160.jpg 300w, https:\/\/makizer.com\/wp-content\/uploads\/2024\/08\/Colleges-PA-V3.2-768x410.jpg 768w, https:\/\/makizer.com\/wp-content\/uploads\/2024\/08\/Colleges-PA-V3.2-1536x820.jpg 1536w, https:\/\/makizer.com\/wp-content\/uploads\/2024\/08\/Colleges-PA-V3.2-2048x1094.jpg 2048w\" sizes=\"auto, (max-width: 1024px) 100vw, 1024px\" \/><\/figure>\n\n\n\n<p class=\"has-source-serif-pro-font-family has-small-font-size\">Tous poss\u00e8dent une identit\u00e9, certifi\u00e9e pour les cinq derniers coll\u00e8ges, peuvent \u00e9diter des contrats, mon\u00e9tiser leurs actions et d\u00e9velopper leur curation.<\/p>\n\n\n\n<p class=\"has-source-serif-pro-font-family has-small-font-size\">Partout tous sont identifi\u00e9s par cat\u00e9gories, de sorte que les spectateurs savent toujours qui a fait quoi et qui gagne quoi.<br><\/p>\n\n\n\n<p><strong>Des contrats pour tous les usages :<\/strong><\/p>\n\n\n\n<p class=\"has-source-serif-pro-font-family has-small-font-size\">Une architecture de contrats modulaires pour reproduire tous les cas d&#8217;usages et en inventer de nouveaux :<\/p>\n\n\n\n<ul class=\"wp-block-list has-source-serif-pro-font-family\">\n<li class=\"has-small-font-size\">contrats d&#8217;oeuvres, qui d\u00e9finissent et prot\u00e8gent les int\u00e9r\u00eats des&nbsp; cr\u00e9ateurs\n<ul class=\"wp-block-list\">\n<li>contrats de conditions d&#8217;usages, qui d\u00e9finissent les conditions d&#8217;exploitation des oeuvres et respectent les r\u00e8gles de partage&nbsp; des gains (conform\u00e9ment aux contrats d&#8217;oeuvres)\n<ul class=\"wp-block-list\">\n<li>contrats d&#8217;exploitation, qui permettent \u00e0 tous d\u2019utiliser les oeuvres selon les modalit\u00e9s fix\u00e9es par l\u2019ayant-droit dans les contrats de conditions d\u2019usage<\/li>\n<\/ul>\n<\/li>\n<\/ul>\n<\/li>\n\n\n\n<li>contrats d&#8217;\u00e9v\u00e9nements, pour tous les \u00e9tablissements recevant du public<\/li>\n\n\n\n<li>contrats d&#8217;abonnements, pour acc\u00e9der \u00e0 des oeuvres et des \u00e9v\u00e9nements<\/li>\n<\/ul>\n\n\n\n<p class=\"has-source-serif-pro-font-family has-small-font-size\">Elle permet, gr\u00e2ce \u00e0 la sobri\u00e9t\u00e9 d\u2019usage d\u2019Holochain, de r\u00e9aliser autant de configurations impliquant des cha\u00eenes complexes comme pour une oeuvre co\u00fbteuse ou des oeuvres impliquant d\u2019autres oeuvres, de pr\u00e9voir des \u00e9volutions de conditions selon le temps, le chiffre d\u2019affaire ou le type de contrat d\u2019usage.<\/p>\n\n\n\n<p class=\"has-source-serif-pro-font-family has-small-font-size\">En utilisant une monnaie virtuelle de type cr\u00e9dit mutuel ne n\u00e9cessitant pas le transfert de token on peut r\u00e9aliser les myriades de micro-transactions que g\u00e9n\u00e8rerait un tel syst\u00e8me de contrats.<br>On peut aussi inscrire une temporalit\u00e9 d\u2019ex\u00e9cution (tous les mois) ou de cr\u00e9ation (toutes les semaines) des contrats, ce qui gamifirait l\u2019exp\u00e9rience tout en rendant le r\u00e9seau plus sobre.<\/p>\n\n\n\n<figure class=\"wp-block-image size-large\"><img loading=\"lazy\" decoding=\"async\" width=\"1024\" height=\"693\" src=\"https:\/\/makizer.com\/wp-content\/uploads\/2024\/08\/chaines-contrats.001-1024x693.jpeg\" alt=\"\" class=\"wp-image-15\" srcset=\"https:\/\/makizer.com\/wp-content\/uploads\/2024\/08\/chaines-contrats.001-1024x693.jpeg 1024w, https:\/\/makizer.com\/wp-content\/uploads\/2024\/08\/chaines-contrats.001-300x203.jpeg 300w, https:\/\/makizer.com\/wp-content\/uploads\/2024\/08\/chaines-contrats.001-768x520.jpeg 768w, https:\/\/makizer.com\/wp-content\/uploads\/2024\/08\/chaines-contrats.001-1536x1040.jpeg 1536w, https:\/\/makizer.com\/wp-content\/uploads\/2024\/08\/chaines-contrats.001.jpeg 1920w\" sizes=\"auto, (max-width: 1024px) 100vw, 1024px\" \/><\/figure>\n\n\n\n<p><strong>Une exp\u00e9rience user-centric<\/strong><\/p>\n\n\n\n<p class=\"has-source-serif-pro-font-family has-small-font-size\">Une exp\u00e9rience user-centric de curation qui augmente exponentiellement les chemins de la d\u00e9couvrabilit\u00e9 des <strong>oeuvres<\/strong>, des <strong>identit\u00e9s\/curations<\/strong>, des <strong>\u00e9v\u00e9nements<\/strong> et des <strong>groupes<\/strong>, les quatre types d&#8217;objets composant cette constellation.<\/p>\n\n\n\n<p class=\"has-source-serif-pro-font-family has-small-font-size\">En caract\u00e9risant leur appr\u00e9ciation sensible des oeuvres, les utilisateurs peuvent se voir pousser les contenus recommand\u00e9s par les curateurs \u00e0 qui ils se sont affili\u00e9s ainsi que par tous les utilisateurs pr\u00e9sentant des sensibilit\u00e9s similaires.<\/p>\n\n\n\n<p class=\"has-source-serif-pro-font-family has-small-font-size\">Chaque utilisateur peut d\u00e9velopper et personnaliser sa curation en fonction des contrats propos\u00e9s par les ayants-droit, d&#8217;un simple spectateur \u00e0 un network, avec un outil de gestion du droit d\u2019auteur qui r\u00e9concilie auteurs et ayants-droit.<\/p>\n\n\n\n<p class=\"has-source-serif-pro-font-family has-small-font-size\">Un grand \u00ab jeu \u00bb holistique de mon\u00e9tisation o\u00f9 tous les mod\u00e8les peuvent coexister et s\u2019inventer, qui propose un engagement fort \u00e0 tous dans la cr\u00e9ation collective d\u2019un nouvel espace de d\u00e9ploiement des activit\u00e9s cr\u00e9atives.<\/p>\n\n\n\n<p class=\"has-source-serif-pro-font-family has-small-font-size\">Les curations sont vierges de fils d\u2019\u00e9changes, seul le propos du curateur pr\u00e9sentant ses recommandations s\u2019y trouve.<br>Les \u00e9changes peuvent avoir lieu dans les groupes ou sur toute autre plateforme ou r\u00e9seau social.<br>Ainsi Makizer pr\u00e9serve la repr\u00e9sentation des oeuvres de la pollution des commentaires.<\/p>\n\n\n\n<p class=\"has-source-serif-pro-font-family has-small-font-size\">Makizer proposera un front end de base, mais par extension de sa vision collaborative toute mod\u00e9lisation des jeux de donn\u00e9es consenties par les utilisateurs pourront prendre des formes originales pour d\u00e9cupler les modes de navigation, de consultation et de repr\u00e9sentation.<\/p>\n\n\n\n<p class=\"has-source-serif-pro-font-family has-small-font-size\">Makizer proposera notamment une couche navigable de repr\u00e9sentation des \u00e9tablissements et des acteurs dont l\u2019int\u00e9r\u00eat est d\u2019\u00eatre g\u00e9olocalisable sur une mappemonde.<br><br><\/p>\n\n\n\n<p><strong>L\u2019ancrage dans une soci\u00e9t\u00e9 coop\u00e9rative<\/strong><\/p>\n\n\n\n<p class=\"has-source-serif-pro-font-family has-small-font-size\">Une soci\u00e9t\u00e9 coop\u00e9rative d&#8217;int\u00e9r\u00eat collectif compos\u00e9e des m\u00eames coll\u00e8ges que les cat\u00e9gories utilisateurs, o\u00f9 s&#8217;expriment dans cette assembl\u00e9e tous les \u00e9changes, animations, d\u00e9bats et choix de gestion de cette entreprise.<\/p>\n\n\n\n<ul class=\"wp-block-list\">\n<li class=\"has-source-serif-pro-font-family has-small-font-size\">1 membre (peu importe le nombre d\u2019actions et leur valeur) = 1 voie de vote, garantissant la visibilit\u00e9 et le pouvoir de tous<\/li>\n\n\n\n<li class=\"has-source-serif-pro-font-family has-small-font-size\">entr\u00e9e\/sortie dans le capital automatisable (min 7 ans &#8211; statut des SCIC) permettant le jumelage des identit\u00e9s users et soci\u00e9taires par simple cr\u00e9ation de compte<\/li>\n\n\n\n<li class=\"has-source-serif-pro-font-family has-small-font-size\">redistribution du r\u00e9sultat net en production, en soutien solidaire aux cr\u00e9ateurs et aux salari\u00e9s\/architectes, et dans une mesure limit\u00e9e aux actionnaires<\/li>\n\n\n\n<li class=\"has-source-serif-pro-font-family has-small-font-size\">tout le monde et toutes les organisations peuvent y adh\u00e9rer<\/li>\n<\/ul>\n\n\n\n<p class=\"has-source-serif-pro-font-family has-small-font-size\">&gt;&nbsp; mod\u00e8le r\u00e9unifiant, vertueux, r\u00e9silient, qui se prot\u00e8ge de l\u2019app\u00e9tit des fonds priv\u00e9s et qui d\u00e9veloppe les communs.<br><br><\/p>\n\n\n\n<p><strong>Faisabilit\u00e9 d\u2019un tel projet<\/strong><\/p>\n\n\n\n<p class=\"has-source-serif-pro-font-family has-small-font-size\">Certes, il s\u2019agit l\u00e0 d\u2019une large application \u00e0 d\u00e9velopper.<br>Mais une fois une fois programm\u00e9e, son usage et sa mise en \u00e9chelle ne co\u00fbte rien \u00e0 la soci\u00e9t\u00e9 m\u00e8re puisque l\u2019effort de stockage et d\u2019envoi des flux est support\u00e9 par ses utilisateurs.<br>Par exemple, les collectivit\u00e9s pourraient brancher des mini-ordinateurs (comme un Raspberry Pi) qui consomment peu d\u2019\u00e9nergie, sont bon march\u00e9 et bien adapt\u00e9s \u00e0 cet usage, dans les bureaux o\u00f9 elles utilisent peu leur bande passante montante.<\/p>\n\n\n\n<p class=\"has-source-serif-pro-font-family has-small-font-size\">On peut aussi envisager la r\u00e9union de d\u00e9veloppeurs passionn\u00e9s par un tel projet novateur et progressiste dans une communaut\u00e9 qui gagnerait par valorisation de leur travail des parts de la soci\u00e9t\u00e9, et rejoindraient le 7\u00e8me coll\u00e8ge des employ\u00e9s et architectes de Makizer.<br>Et pour solidifier une \u00e9quipe encadrant ce projet, il y a un espoir que des personnes et\u00a0 fonds d\u2019investissements en qu\u00eate de projets \u00e9quitables soient s\u00e9duits par cette aventure.<\/p>\n\n\n\n<p class=\"has-source-serif-pro-font-family has-small-font-size\">L\u2019usage de la technologie Holochain donne une chance de rivaliser avec les GAFAM sans besoin de lever continuellement des fonds, dans un environnement r\u00e9conciliant o\u00f9 m\u00eame les g\u00e9ants de la production et diffusion des \u0153uvres peuvent se red\u00e9ployer.<\/p>\n\n\n\n<p class=\"has-source-serif-pro-font-family has-small-font-size\">Ce projet a \u00e9t\u00e9 pens\u00e9 par des acteurs vari\u00e9s de ce monde avec la seule volont\u00e9 de voir un tel changement de paradigme arriver et il pourra s\u2019enrichir par ceux qui s\u2019en empareront.<\/p>\n\n\n\n<p class=\"has-source-serif-pro-font-family has-small-font-size\">Une association pr\u00e9figurant la cr\u00e9ation de la SCIC existe, et la ville de Rennes s\u2019est \u00e9voqu\u00e9e int\u00e9ress\u00e9e \u00e0 travailler une preuve de concept.<\/p>\n\n\n\n<p class=\"has-source-serif-pro-font-family has-small-font-size\">Si vous souhaitez \u00e9changer avec nous : makizer.org@gmail.com<\/p>\n","protected":false},"excerpt":{"rendered":"<p>La coop\u00e9rative universelle de la cr\u00e9ation Un \u00e9cosyst\u00e8me int\u00e9gral des activit\u00e9s de tous les acteurs et spectateurs r\u00e9unis \u00e9quitablement dans une organisation num\u00e9rique et soci\u00e9tale, l&#8217;imbrication d&#8217;un r\u00e9seau pair-\u00e0-pair avec une soci\u00e9t\u00e9 coop\u00e9rative d&#8217;int\u00e9r\u00eat collectif. Une vision holistique d&#8217;interop\u00e9rabilit\u00e9 rendue possible par l&#8217;av\u00e8nement d&#8217;Holochain, un nouvel OS pour internet qui lui permet de se reposer [&hellip;]<\/p>\n","protected":false},"author":1,"featured_media":0,"parent":0,"menu_order":0,"comment_status":"closed","ping_status":"closed","template":"","meta":{"footnotes":""},"class_list":["post-2","page","type-page","status-publish","hentry"],"_links":{"self":[{"href":"https:\/\/makizer.com\/index.php\/wp-json\/wp\/v2\/pages\/2","targetHints":{"allow":["GET"]}}],"collection":[{"href":"https:\/\/makizer.com\/index.php\/wp-json\/wp\/v2\/pages"}],"about":[{"href":"https:\/\/makizer.com\/index.php\/wp-json\/wp\/v2\/types\/page"}],"author":[{"embeddable":true,"href":"https:\/\/makizer.com\/index.php\/wp-json\/wp\/v2\/users\/1"}],"replies":[{"embeddable":true,"href":"https:\/\/makizer.com\/index.php\/wp-json\/wp\/v2\/comments?post=2"}],"version-history":[{"count":7,"href":"https:\/\/makizer.com\/index.php\/wp-json\/wp\/v2\/pages\/2\/revisions"}],"predecessor-version":[{"id":21,"href":"https:\/\/makizer.com\/index.php\/wp-json\/wp\/v2\/pages\/2\/revisions\/21"}],"wp:attachment":[{"href":"https:\/\/makizer.com\/index.php\/wp-json\/wp\/v2\/media?parent=2"}],"curies":[{"name":"wp","href":"https:\/\/api.w.org\/{rel}","templated":true}]}}